{"id":38,"date":"2019-03-10T01:22:53","date_gmt":"2019-03-10T01:22:53","guid":{"rendered":"https:\/\/www.marina-niko.ch\/?page_id=38"},"modified":"2019-03-10T02:00:07","modified_gmt":"2019-03-10T02:00:07","slug":"gaestebuch","status":"publish","type":"page","link":"https:\/\/www.marina-niko.ch\/?page_id=38","title":{"rendered":"G\u00e4stebuch"},"content":{"rendered":"<div class=\"gwolle-gb\"><div class=\"gwolle_gb_messages_top_container\"><\/div>\n\t\t\t<div class=\"gwolle-gb-write-button\">\n\t\t\t\t<input type=\"button\" name=\"gwolle-gb-write-button\" class=\"button btn btn-default \" value=\"Neuen Eintrag schreiben\" \/>\n\t\t\t<\/div>\n\t\t\t<form action=\"#\" method=\"POST\" class=\"gwolle-gb-write gwolle-gb-hide gwolle-gb-float gwolle_gb_form_ajax gwolle-gb-form-ajax gwolle-gb-ajax gwolle-gb-not-logged-in\">\n\t\t\t\t<h3>Einen neuen Eintrag f\u00fcr das G\u00e4stebuch schreiben<\/h3>\n\t\t\t\t<button type=\"button\" class=\"gb-notice-dismiss\">x<span class=\"screen-reader-text\">Dieses Formular ausblenden<\/span><\/button>\n\t\t\t\n\t\t\t\t<input type=\"hidden\" name=\"gwolle_gb_function\" class=\"gwolle_gb_function\" value=\"add_entry\" \/><input type=\"hidden\" name=\"gwolle_gb_book_id\" class=\"gwolle_gb_book_id\" value=\"1\" \/><div class=\"gwolle_gb_b1434e14fb0c315ecc610533f9f9e596\">\n\t\t\t\t<div class=\"label\"><label for=\"gwolle_gb_b1434e14fb0c315ecc610533f9f9e596-1\" class=\"text-info\">Name <span class=\"required\">*<\/span><\/label><\/div>\n\t\t\t\t<div class=\"input\"><input class=\"wp-exclude-emoji gwolle_gb_b1434e14fb0c315ecc610533f9f9e596\" value=\"\" type=\"text\" id=\"gwolle_gb_b1434e14fb0c315ecc610533f9f9e596-1\" name=\"gwolle_gb_b1434e14fb0c315ecc610533f9f9e596\" required \/><\/div>\n\t\t\t\t<div class=\"clearBoth\">&nbsp;<\/div>\n\t\t\t<\/div><div class=\"gwolle_gb_0b26afe7c7affeb6acfb4d3302046092\">\n\t\t\t\t\t<div class=\"label\"><label for=\"gwolle_gb_0b26afe7c7affeb6acfb4d3302046092-1\" class=\"text-info\">Stadt<\/label><\/div>\n\t\t\t\t\t<div class=\"input\"><input class=\"wp-exclude-emoji gwolle_gb_0b26afe7c7affeb6acfb4d3302046092\" value=\"\" type=\"text\" id=\"gwolle_gb_0b26afe7c7affeb6acfb4d3302046092-1\" name=\"gwolle_gb_0b26afe7c7affeb6acfb4d3302046092\" \/><\/div>\n\t\t\t\t\t<div class=\"clearBoth\">&nbsp;<\/div>\n\t\t\t\t<\/div><div class=\"gwolle_gb_d6ca79251027516bd987d495352002d5\">\n\t\t\t\t<div class=\"label\"><label for=\"gwolle_gb_d6ca79251027516bd987d495352002d5-1\" class=\"text-info\">E-Mail <span class=\"required\">*<\/span><\/label><\/div>\n\t\t\t\t<div class=\"input\"><input class=\"gwolle_gb_d6ca79251027516bd987d495352002d5\" value=\"\" type=\"email\" id=\"gwolle_gb_d6ca79251027516bd987d495352002d5-1\" name=\"gwolle_gb_d6ca79251027516bd987d495352002d5\" required \/><\/div>\n\t\t\t\t<div class=\"clearBoth\">&nbsp;<\/div>\n\t\t\t<\/div><div class=\"gwolle_gb_e3d01e728ae6a29e22ed6d797efa4ed3\">\n\t\t\t\t<div class=\"label\"><label for=\"gwolle_gb_e3d01e728ae6a29e22ed6d797efa4ed3-1\" class=\"text-info\">Website<\/label><\/div>\n\t\t\t\t<div class=\"input\"><input class=\"gwolle_gb_e3d01e728ae6a29e22ed6d797efa4ed3\" value=\"\" type=\"url\" id=\"gwolle_gb_e3d01e728ae6a29e22ed6d797efa4ed3-1\" name=\"gwolle_gb_e3d01e728ae6a29e22ed6d797efa4ed3\" \/><\/div>\n\t\t\t\t<div class=\"clearBoth\">&nbsp;<\/div>\n\t\t\t<\/div>\n\t\t\t<div class=\"gwolle_gb_8bd4c18f41b5e8d74177b2fcfab6ad92\" style=\"display:none;overflow:hidden;\" hidden=\"true\" aria-hidden=\"true\">\n\t\t\t\t<div class=\"label\">\n\t\t\t\t\t<label for=\"gwolle_gb_8bd4c18f41b5e8d74177b2fcfab6ad92-1\" class=\"text-primary\">Hier nichts eingeben<\/label>\n\t\t\t\t\t<label for=\"gwolle_gb_ef8176825eabd10691ed457374250be4-1\" class=\"text-primary\">Hier nichts eingeben<\/label>\n\t\t\t\t<\/div>\n\t\t\t\t<div class=\"input\">\n\t\t\t\t\t<input value=\"87\" type=\"text\" id=\"gwolle_gb_8bd4c18f41b5e8d74177b2fcfab6ad92-1\" name=\"gwolle_gb_8bd4c18f41b5e8d74177b2fcfab6ad92\" class=\"gwolle_gb_8bd4c18f41b5e8d74177b2fcfab6ad92\" style=\"transform: translateY(10000px);\" \/>\n\t\t\t\t\t<input value=\"\" type=\"text\" name=\"gwolle_gb_ef8176825eabd10691ed457374250be4\" id=\"gwolle_gb_ef8176825eabd10691ed457374250be4-1\" class=\"gwolle_gb_ef8176825eabd10691ed457374250be4\" style=\"transform: translateY(10000px);\" \/>\n\t\t\t\t<\/div>\n\t\t\t\t<div class=\"clearBoth\"><\/div>\n\t\t\t<\/div>\n\t\t\t<div class=\"gwolle_gb_2a94ad033549ed35ff96cd7104d3eb71\" style=\"display:none;overflow:hidden;\" hidden=\"true\" aria-hidden=\"true\">\n\t\t\t\t<div class=\"label\">\n\t\t\t\t\t<label for=\"gwolle_gb_2a94ad033549ed35ff96cd7104d3eb71-1\" class=\"text-primary\">Hier nichts eingeben<\/label>\n\t\t\t\t\t<label for=\"gwolle_gb_748a47da81f26ef6af64132f042e6e29-1\" class=\"text-primary\">Hier nichts eingeben<\/label>\n\t\t\t\t<\/div>\n\t\t\t\t<div class=\"input\">\n\t\t\t\t\t<input value=\"96065\" type=\"text\" id=\"gwolle_gb_2a94ad033549ed35ff96cd7104d3eb71-1\" name=\"gwolle_gb_2a94ad033549ed35ff96cd7104d3eb71\" class=\"gwolle_gb_2a94ad033549ed35ff96cd7104d3eb71\" style=\"transform: translateY(10000px);\" \/>\n\t\t\t\t\t<input value=\"96065\" type=\"text\"id=\"gwolle_gb_748a47da81f26ef6af64132f042e6e29-1\" name=\"gwolle_gb_748a47da81f26ef6af64132f042e6e29\" class=\"gwolle_gb_748a47da81f26ef6af64132f042e6e29\" style=\"transform: translateY(10000px);\" \/>\n\t\t\t\t<\/div>\n\t\t\t\t<div class=\"clearBoth\"><\/div>\n\t\t\t<\/div><div class=\"gwolle_gb_content\">\n\t\t\t\t<div class=\"label\"><label for=\"gwolle_gb_content-1\" class=\"text-info\">G\u00e4stebucheintrag <span class=\"required\">*<\/span><\/label><\/div>\n\t\t\t\t<div class=\"input\"><textarea id=\"gwolle_gb_content-1\" name=\"gwolle_gb_content\" class=\"gwolle_gb_content wp-exclude-emoji\" required ><\/textarea><\/div>\n\t\t\t\t\t<div class=\"clearBoth\">&nbsp;<\/div>\n\t\t\t\t<\/div>\n\t\t\t\t<div class=\"gwolle_gb_antispam\">\n\t\t\t\t\t<div class=\"label\">\n\t\t\t\t\t\t<label for=\"gwolle_gb_a005df395de34ec924cd753039e7692f-1\" class=\"text-info\">Frage: 12 + sechs = <span class=\"required\">*<\/span><\/label>\n\t\t\t\t\t<\/div>\n\t\t\t\t\t<div class=\"input\"><input class=\"gwolle_gb_a005df395de34ec924cd753039e7692f\" value=\"\" type=\"text\" id=\"gwolle_gb_a005df395de34ec924cd753039e7692f-1\" name=\"gwolle_gb_a005df395de34ec924cd753039e7692f\" required \/>\n\t\t\t\t\t\t<\/div>\n\t\t\t\t\t\t<div class=\"clearBoth\">&nbsp;<\/div>\n\t\t\t\t\t<\/div><input type=\"hidden\" class=\"gwolle_gb_389fb51f93dc17dce88b7da836d6072e\" id=\"gwolle_gb_389fb51f93dc17dce88b7da836d6072e-1\" name=\"gwolle_gb_389fb51f93dc17dce88b7da836d6072e\" value=\"98135d37b5\" \/>\n\t\t\t<div class=\"gwolle_gb_messages_bottom_container\"><\/div>\n\n\t\t\t<noscript><div class=\"no-js\">Warnung: Dieses Formular kann nur verwendet werden, wenn in deinem Browser JavaScript aktiviert ist.<\/div><\/noscript>\n\n\t\t\t<div class=\"gwolle_gb_submit\">\n\t\t\t\t<div class=\"label gwolle-gb-invisible text-muted\">&nbsp;<\/div>\n\t\t\t\t<div class=\"input\">\n\t\t\t\t\t<input type=\"submit\" name=\"gwolle_gb_submit\" class=\"gwolle_gb_submit button btn btn-primary \" value=\"Absenden\" \/>\n\t\t\t\t\t<span class=\"gwolle_gb_submit_ajax_icon\"><\/span>\n\t\t\t\n\t\t\t\t<\/div>\n\t\t\t\t<div class=\"clearBoth\">&nbsp;<\/div>\n\t\t\t<\/div>\n\n\t\t\t<div class=\"gwolle_gb_notice\">\n\t\t\t\tMit * gekennzeichnete Felder sind erforderlich.<br \/>\r\nDeine E-Mail-Adresse wird nicht ver\u00f6ffentlicht.<br \/>\r\nEs ist m\u00f6glich, dass dein Eintrag im G\u00e4stebuch erst sichtbar ist, nachdem wir ihn \u00fcberpr\u00fcft haben.<br \/>\r\nWir behalten uns vor, Eintr\u00e4ge zu bearbeiten, zu l\u00f6schen oder nicht zu ver\u00f6ffentlichen.\n\t\t\t<\/div><\/form><div class=\"gwolle-gb-read gwolle-gb-ajax gwolle-gb-entries-list\" data-book_id=\"1\" data-page_id=\"1\">\n\t\t<div id=\"gwolle-gb-total\" class=\"gwolle-gb-total\">2 Eintr\u00e4ge<\/div><!-- Gwolle-GB Entry: Default Template Loaded -->\n\t\t\t\t<div class=\"gb-entry gb-entry_2 gb-entry-count_1 gwolle_gb_uneven gwolle-gb-uneven gwolle-gb-first\" id=\"gb-entry_2\" data-entry_id=\"2\">\n\t\t\t\t<article>\n\t\t\t\t\t<div class=\"gb-author-info\">\n\t\t\t\t\t\t<span class=\"gb-author-avatar\"><img referrerpolicy=\"no-referrer\" alt='Willi' src='https:\/\/secure.gravatar.com\/avatar\/f21b13e334e79287b289a62b4192d08b4b7b41a5d9521a1ea5246aab471be403?s=32&#038;d=mm&#038;r=g' srcset='https:\/\/secure.gravatar.com\/avatar\/f21b13e334e79287b289a62b4192d08b4b7b41a5d9521a1ea5246aab471be403?s=64&#038;d=mm&#038;r=g 2x' class='avatar avatar-32 photo' height='32' width='32' \/><\/span>\n\t\t\t\t\t\t<span class=\"gb-author-name\">Willi\n\t\t\t\t\t\t<\/span>\n\t\t\t\t\t\t<span class=\"gb-datetime\">\n\t\t\t\t\t\t\t<span class=\"gb-date\"><span class=\"gb-date-wrote-text\"> schrieb am<\/span><span class=\"gb-date-text\"> 11. August 2019<\/span>\n\t\t\t\t\t\t\t<\/span><span class=\"gb-time\">\n\t\t\t\t\t\t\t\t\t<span class=\"gb-time-at-text\"> um<\/span>\n\t\t\t\t\t\t\t\t\t<span class=\"gb-time-text\"> 16:43<\/span>\n\t\t\t\t\t\t\t\t<\/span>\n\t\t\t\t\t\t<\/span> \n\t\t\t\t\t<\/div>\n\t\t\t\t\t<div class=\"gb-entry-content\">So ihr zwei, es goht n\u00fcme lang. Mir freued eus uf e sch\u00f6ns Fescht, und Sunneschy. Gruess Willi &amp; Anita (Papi und Mami)\ud83d\udc8c\u2600\ufe0f\n\t\t\t\t\t<\/div>\n\t\t\t\t<\/article>\n\t\t\t<\/div>\n\t\t\t<div class=\"gb-entry gb-entry_1 gb-entry-count_2 gwolle_gb_even gwolle-gb-even\" id=\"gb-entry_1\" data-entry_id=\"1\">\n\t\t\t\t<article>\n\t\t\t\t\t<div class=\"gb-author-info\">\n\t\t\t\t\t\t<span class=\"gb-author-avatar\"><img referrerpolicy=\"no-referrer\" alt='Hermann' src='https:\/\/secure.gravatar.com\/avatar\/af2f950526ee8537f3dbc53109e7b29f26c10b86ec3d433fa8a89dbc73f17c61?s=32&#038;d=mm&#038;r=g' srcset='https:\/\/secure.gravatar.com\/avatar\/af2f950526ee8537f3dbc53109e7b29f26c10b86ec3d433fa8a89dbc73f17c61?s=64&#038;d=mm&#038;r=g 2x' class='avatar avatar-32 photo' height='32' width='32' \/><\/span>\n\t\t\t\t\t\t<span class=\"gb-author-name\"><a href=\"http:\/\/www.billard-hausenag.ch\" target=\"_blank\" rel=\"nofollow noopener noreferrer\"\n\t\t\t\t\t\t\ttitle=\"Besuche die Website von Hermann: http:\/\/www.billard-hausenag.ch\">Hermann<\/a>\n\t\t\t\t\t\t<\/span>\n\t\t\t\t\t\t<span class=\"gb-author-origin\">\n\t\t\t\t\t\t\t<span class=\"gb-author-origin-from-text\"> aus<\/span>\n\t\t\t\t\t\t\t<span class=\"gb-author-origin-text\"> Hausen AG<\/span>\n\t\t\t\t\t\t<\/span>\n\t\t\t\t\t\t<span class=\"gb-datetime\">\n\t\t\t\t\t\t\t<span class=\"gb-date\"><span class=\"gb-date-wrote-text\"> schrieb am<\/span><span class=\"gb-date-text\"> 27. M\u00e4rz 2019<\/span>\n\t\t\t\t\t\t\t<\/span><span class=\"gb-time\">\n\t\t\t\t\t\t\t\t\t<span class=\"gb-time-at-text\"> um<\/span>\n\t\t\t\t\t\t\t\t\t<span class=\"gb-time-text\"> 20:40<\/span>\n\t\t\t\t\t\t\t\t<\/span>\n\t\t\t\t\t\t<\/span> \n\t\t\t\t\t<\/div>\n\t\t\t\t\t<div class=\"gb-entry-content\">Hey ihr 2\nEin tolles Programm an einem wundersch\u00f6nen Ort habt ihr da vorbereitet f\u00fcr eure Verm\u00e4hlungsfeier!\nJetzt bleibt nur noch zu hoffen, dass auch Petrus euch wohlgesinnt ist \ud83d\ude09\nHerzliche Gr\u00fcsse aus dem Aargau\nHermann\n\t\t\t\t\t<\/div>\n\t\t\t\t<\/article>\n\t\t\t<\/div>\n\t\t\t<\/div><\/div>\n\n\n\n<p><\/p>\n","protected":false},"excerpt":{"rendered":"","protected":false},"author":1,"featured_media":0,"parent":0,"menu_order":0,"comment_status":"closed","ping_status":"closed","template":"","meta":{"footnotes":""},"class_list":["post-38","page","type-page","status-publish","hentry"],"_links":{"self":[{"href":"https:\/\/www.marina-niko.ch\/index.php?rest_route=\/wp\/v2\/pages\/38","targetHints":{"allow":["GET"]}}],"collection":[{"href":"https:\/\/www.marina-niko.ch\/index.php?rest_route=\/wp\/v2\/pages"}],"about":[{"href":"https:\/\/www.marina-niko.ch\/index.php?rest_route=\/wp\/v2\/types\/page"}],"author":[{"embeddable":true,"href":"https:\/\/www.marina-niko.ch\/index.php?rest_route=\/wp\/v2\/users\/1"}],"replies":[{"embeddable":true,"href":"https:\/\/www.marina-niko.ch\/index.php?rest_route=%2Fwp%2Fv2%2Fcomments&post=38"}],"version-history":[{"count":6,"href":"https:\/\/www.marina-niko.ch\/index.php?rest_route=\/wp\/v2\/pages\/38\/revisions"}],"predecessor-version":[{"id":49,"href":"https:\/\/www.marina-niko.ch\/index.php?rest_route=\/wp\/v2\/pages\/38\/revisions\/49"}],"wp:attachment":[{"href":"https:\/\/www.marina-niko.ch\/index.php?rest_route=%2Fwp%2Fv2%2Fmedia&parent=38"}],"curies":[{"name":"wp","href":"https:\/\/api.w.org\/{rel}","templated":true}]}}