{"id":2,"date":"2019-03-09T14:41:31","date_gmt":"2019-03-09T14:41:31","guid":{"rendered":"https:\/\/www.marina-niko.ch\/?page_id=2"},"modified":"2024-04-10T10:46:51","modified_gmt":"2024-04-10T08:46:51","slug":"sample-page","status":"publish","type":"page","link":"https:\/\/www.marina-niko.ch\/","title":{"rendered":"Willkommen"},"content":{"rendered":"\n<figure class=\"wp-block-image\"><img loading=\"lazy\" decoding=\"async\" width=\"1024\" height=\"768\" src=\"https:\/\/www.marina-niko.ch\/wp-content\/uploads\/2019\/03\/G0016437-1024x768.jpg\" alt=\"\" class=\"wp-image-10\" srcset=\"https:\/\/www.marina-niko.ch\/wp-content\/uploads\/2019\/03\/G0016437-1024x768.jpg 1024w, https:\/\/www.marina-niko.ch\/wp-content\/uploads\/2019\/03\/G0016437-300x225.jpg 300w, https:\/\/www.marina-niko.ch\/wp-content\/uploads\/2019\/03\/G0016437-768x576.jpg 768w\" sizes=\"auto, (max-width: 1024px) 100vw, 1024px\" \/><\/figure>\n\n\n\n<h4 class=\"wp-block-heading\">Herzlich Willkommen auf unserer Hochzeits-Homepage.&nbsp;<\/h4>\n\n\n\n<p>Hier findet ihr alle Details zu unserer Hochzeit.<\/p>\n\n\n\n<p>Zudem k\u00f6nnt ihr euch anmelden, ins G\u00e4stebuch schreiben und unsere Wunschliste f\u00fcr Hochzeitsgeschenke ansehen.&nbsp;<\/p>\n\n\n\n<p>Viel Spass und wir freuen uns mit euch unsere Liebe zu zelebrieren.&nbsp;<\/p>\n\n\n\n<p>Marina &amp; Niko<\/p>\n\n\n\n<p>Update: Falls etwas Passwortgesch\u00fctzt sein sollte, das Pw ist nicht so schwer zu erraten \ud83d\ude09<br>(Tip: Beide Namen und das Jahr der Hochzeit)<\/p>\n","protected":false},"excerpt":{"rendered":"<p>Herzlich Willkommen auf unserer Hochzeits-Homepage.&nbsp; Hier findet ihr alle Details zu unserer Hochzeit. Zudem k\u00f6nnt ihr euch anmelden, ins G\u00e4stebuch schreiben und unsere Wunschliste f\u00fcr Hochzeitsgeschenke ansehen.&nbsp; Viel Spass und wir freuen uns mit euch unsere Liebe zu zelebrieren.&nbsp; Marina &amp; Niko Update: Falls etwas Passwortgesch\u00fctzt sein sollte, das Pw ist nicht so schwer zu [&hellip;]<\/p>\n","protected":false},"author":1,"featured_media":0,"parent":0,"menu_order":0,"comment_status":"closed","ping_status":"closed","template":"","meta":{"footnotes":""},"class_list":["post-2","page","type-page","status-publish","hentry"],"_links":{"self":[{"href":"https:\/\/www.marina-niko.ch\/index.php?rest_route=\/wp\/v2\/pages\/2","targetHints":{"allow":["GET"]}}],"collection":[{"href":"https:\/\/www.marina-niko.ch\/index.php?rest_route=\/wp\/v2\/pages"}],"about":[{"href":"https:\/\/www.marina-niko.ch\/index.php?rest_route=\/wp\/v2\/types\/page"}],"author":[{"embeddable":true,"href":"https:\/\/www.marina-niko.ch\/index.php?rest_route=\/wp\/v2\/users\/1"}],"replies":[{"embeddable":true,"href":"https:\/\/www.marina-niko.ch\/index.php?rest_route=%2Fwp%2Fv2%2Fcomments&post=2"}],"version-history":[{"count":7,"href":"https:\/\/www.marina-niko.ch\/index.php?rest_route=\/wp\/v2\/pages\/2\/revisions"}],"predecessor-version":[{"id":794,"href":"https:\/\/www.marina-niko.ch\/index.php?rest_route=\/wp\/v2\/pages\/2\/revisions\/794"}],"wp:attachment":[{"href":"https:\/\/www.marina-niko.ch\/index.php?rest_route=%2Fwp%2Fv2%2Fmedia&parent=2"}],"curies":[{"name":"wp","href":"https:\/\/api.w.org\/{rel}","templated":true}]}}