{"id":151,"date":"2019-03-10T18:53:23","date_gmt":"2019-03-10T17:53:23","guid":{"rendered":"https:\/\/www.marina-niko.ch\/?page_id=151"},"modified":"2019-03-28T23:44:29","modified_gmt":"2019-03-28T22:44:29","slug":"willkommen-auf-unserem-wunschliste","status":"publish","type":"page","link":"https:\/\/www.marina-niko.ch\/?page_id=151","title":{"rendered":"Wunschliste"},"content":{"rendered":"\n<h2 class=\"wp-block-heading\">Willkommen auf unserer Wunschliste<\/h2>\n\n\n\n<p>Ihr wisst sicher, dass Eure Anwesenheit auf unserer Hochzeitsfeier das gr\u00f6sste Geschenk f\u00fcr uns ist. Einige von Euch wollen es sich dennoch nicht nehmen lassen, uns mit etwas Weiterem zu beschenken. Wir haben deshalb bereits unsere ganz pers\u00f6nlichen Hochzeitsw\u00fcnsche f\u00fcr Euch hinterlegt. Dies soll Euch lediglich ein paar Ideen liefern aber es k\u00f6nnen auch sehr gerne eigene umgesetzt werden. <\/p>\n\n\n\n<p>Es werden auch absichtlich keine Preise angegeben um euch die freie Wahl zu lassen. Soll heissen, auch bei Auswahl eines der gew\u00e4hlten Geschenke kann der Betrag frei von euch bestimmt werden.<\/p>\n\n\n\n<p><strong><section\n    class=\"wpgr-wishlist\" data-id=\"30\">\n    <div class=\"wpgr-wishlist__inner\">\n        \n        <div class=\"wpgr-m_card wpgr-m_card--single wpgr-m_card--content\" data-wish-id=\"305c854bdf0051e\" data-parts=\"1\" data-parts-given=\"0\"\n            data-price-per-part=\"0\" data-parts-string=\"\" data-part-string=\"\"\n            data-currency=\"CHF\" data-currency-placement=\"after\" data-unlimited=\"\">\n\n                        \n                                        <div class=\"wpgr-m_card__figure-wrapper\">\n                    <div class=\"wpgr-m_card__figure\" style='background-image:url(https:\/\/www.marina-niko.ch\/wp-content\/uploads\/2019\/03\/fondueset-1.jpg)'><\/div>\n                <\/div>\n                \n                        <div class=\"wpgr-m_card__heading-wrapper\">\n                                <h4 class=\"wpgr-m_card__heading\">\n                    Fondue-Set                <\/h4>\n                            <\/div>\n\n                        <div class=\"wpgr-m_card__content\">\n                                <p class=\"wpgr-m_card__desc\">\n                    Ein Fondue-Set k\u00f6nnten wir in unserer K\u00fcche noch gut gebrauchen.                 <\/p>\n                                <div class=\"wpgr-m_card__btn-wrapper\">\n                    \n                                        <button class=\"wpgr-m_card__btn wpgr-m_btn wpgr-m_btn__open\" type=\"button\" name=\"button\">\n                        <span class=\"wpgr-m_card__btn-text\">\n                            Schenken<\/span>\n                                            <\/button>\n                <\/div>\n            <\/div>\n\n                                    <div class=\"wpgr-m_card__toggle\">\n                <i class=\"wpgr-m_card__toggle-icon\"><\/i>\n            <\/div>\n                    <\/div>\n        \n        <div class=\"wpgr-m_card wpgr-m_card--parts wpgr-m_card--content\" data-wish-id=\"305c846541d78f4\" data-parts=\"10\" data-parts-given=\"6\"\n            data-price-per-part=\"0\" data-parts-string=\"Teile\" data-part-string=\"Teil\"\n            data-currency=\"CHF\" data-currency-placement=\"after\" data-unlimited=\"\">\n\n                                    <div class=\"wpgr-m_card__price-wrapper\">\n                                                <i class=\"wpgr-m_card__price-icon\"><\/i>\n            <\/div>\n            \n                                        <div class=\"wpgr-m_card__figure-wrapper\">\n                    <div class=\"wpgr-m_card__figure\" style='background-image:url(https:\/\/www.marina-niko.ch\/wp-content\/uploads\/2019\/03\/kenia.jpg)'><\/div>\n                <\/div>\n                \n                        <div class=\"wpgr-m_card__heading-wrapper\">\n                                <h4 class=\"wpgr-m_card__heading\">\n                    Beitrag zur Hochzeitsreise                <\/h4>\n                            <\/div>\n\n                        <div class=\"wpgr-m_card__content\">\n                                <p class=\"wpgr-m_card__desc\">\n                    Auch wenn wir erst ein paar Wochen nach unserer Hochzeit in die Flitterwochen verreisen, w\u00fcrden wir uns \u00fcber einen kleinen Zustupf sehr freuen.                 <\/p>\n                                <div class=\"wpgr-m_card__btn-wrapper\">\n                                        <div class=\"wpgr-m_card__progress-wrapper\">\n                        <div class=\"wpgr-m_card__progress\">\n                            <span style=\"width: 60%;\"><\/span>\n                        <\/div>\n                        <span>\n                            6<\/span> \/\n                        10                    <\/div>\n                    \n                                        <button class=\"wpgr-m_card__btn wpgr-m_btn wpgr-m_btn__open\" type=\"button\" name=\"button\">\n                        <span class=\"wpgr-m_card__btn-text\">\n                            Teil schenken<\/span>\n                                            <\/button>\n                <\/div>\n            <\/div>\n\n                                    <div class=\"wpgr-m_card__toggle\">\n                <i class=\"wpgr-m_card__toggle-icon\"><\/i>\n            <\/div>\n                    <\/div>\n        \n        <div class=\"wpgr-m_card wpgr-m_card--parts wpgr-m_card--content\" data-wish-id=\"305c892f9987cc5\" data-parts=\"10\" data-parts-given=\"2\"\n            data-price-per-part=\"0\" data-parts-string=\"Teile\" data-part-string=\"Teil\"\n            data-currency=\"CHF\" data-currency-placement=\"after\" data-unlimited=\"\">\n\n                                    <div class=\"wpgr-m_card__price-wrapper\">\n                                                <i class=\"wpgr-m_card__price-icon\"><\/i>\n            <\/div>\n            \n                                        <div class=\"wpgr-m_card__figure-wrapper\">\n                    <div class=\"wpgr-m_card__figure\" style='background-image:url(https:\/\/www.marina-niko.ch\/wp-content\/uploads\/2019\/03\/wellness-2.jpg)'><\/div>\n                <\/div>\n                \n                        <div class=\"wpgr-m_card__heading-wrapper\">\n                                <h4 class=\"wpgr-m_card__heading\">\n                    Wellness                <\/h4>\n                            <\/div>\n\n                        <div class=\"wpgr-m_card__content\">\n                                <p class=\"wpgr-m_card__desc\">\n                    Nach der anstrengenden Vorbereitungsphase f\u00fcr die Hochzeit haben wir uns dann sicher etwas Wellness verdient.                 <\/p>\n                                <div class=\"wpgr-m_card__btn-wrapper\">\n                                        <div class=\"wpgr-m_card__progress-wrapper\">\n                        <div class=\"wpgr-m_card__progress\">\n                            <span style=\"width: 20%;\"><\/span>\n                        <\/div>\n                        <span>\n                            2<\/span> \/\n                        10                    <\/div>\n                    \n                                        <button class=\"wpgr-m_card__btn wpgr-m_btn wpgr-m_btn__open\" type=\"button\" name=\"button\">\n                        <span class=\"wpgr-m_card__btn-text\">\n                            Teil schenken<\/span>\n                                            <\/button>\n                <\/div>\n            <\/div>\n\n                                    <div class=\"wpgr-m_card__toggle\">\n                <i class=\"wpgr-m_card__toggle-icon\"><\/i>\n            <\/div>\n                    <\/div>\n        \n        <div class=\"wpgr-m_card wpgr-m_card--parts wpgr-m_card--content\" data-wish-id=\"305c854deeae721\" data-parts=\"3\" data-parts-given=\"0\"\n            data-price-per-part=\"0\" data-parts-string=\"Teile\" data-part-string=\"Teil\"\n            data-currency=\"CHF\" data-currency-placement=\"after\" data-unlimited=\"\">\n\n                                    <div class=\"wpgr-m_card__price-wrapper\">\n                                                <i class=\"wpgr-m_card__price-icon\"><\/i>\n            <\/div>\n            \n                                        <div class=\"wpgr-m_card__figure-wrapper\">\n                    <div class=\"wpgr-m_card__figure\" style='background-image:url(https:\/\/www.marina-niko.ch\/wp-content\/uploads\/2019\/03\/BabyFotoshooting.jpg)'><\/div>\n                <\/div>\n                \n                        <div class=\"wpgr-m_card__heading-wrapper\">\n                                <h4 class=\"wpgr-m_card__heading\">\n                    Baby-Fotoshooting                <\/h4>\n                            <\/div>\n\n                        <div class=\"wpgr-m_card__content\">\n                                <p class=\"wpgr-m_card__desc\">\n                    Wenn irgendwann mal Nachwuchs ins Haus flattert, w\u00fcrden wir dies gerne bei einem Baby-Fotoshooting f\u00fcr die Ewigkeit festhalten.                 <\/p>\n                                <div class=\"wpgr-m_card__btn-wrapper\">\n                                        <div class=\"wpgr-m_card__progress-wrapper\">\n                        <div class=\"wpgr-m_card__progress\">\n                            <span style=\"width: 0%;\"><\/span>\n                        <\/div>\n                        <span>\n                            0<\/span> \/\n                        3                    <\/div>\n                    \n                                        <button class=\"wpgr-m_card__btn wpgr-m_btn wpgr-m_btn__open\" type=\"button\" name=\"button\">\n                        <span class=\"wpgr-m_card__btn-text\">\n                            Teil schenken<\/span>\n                                            <\/button>\n                <\/div>\n            <\/div>\n\n                                    <div class=\"wpgr-m_card__toggle\">\n                <i class=\"wpgr-m_card__toggle-icon\"><\/i>\n            <\/div>\n                    <\/div>\n        \n        <div class=\"wpgr-m_card wpgr-m_card--bought wpgr-m_card--parts wpgr-m_card--content\" data-wish-id=\"305c846541d78b1\" data-parts=\"5\" data-parts-given=\"5\"\n            data-price-per-part=\"0\" data-parts-string=\"Teile\" data-part-string=\"Teil\"\n            data-currency=\"CHF\" data-currency-placement=\"after\" data-unlimited=\"\">\n\n                                    <div class=\"wpgr-m_card__price-wrapper\">\n                                                <i class=\"wpgr-m_card__price-icon\"><\/i>\n            <\/div>\n            \n                                        <div class=\"wpgr-m_card__figure-wrapper\">\n                    <div class=\"wpgr-m_card__figure\" style='background-image:url(https:\/\/www.marina-niko.ch\/wp-content\/uploads\/2019\/03\/Kitchenaid.jpg)'><\/div>\n                <\/div>\n                \n                        <div class=\"wpgr-m_card__heading-wrapper\">\n                                <h4 class=\"wpgr-m_card__heading\">\n                    Kitchen Aid                <\/h4>\n                            <\/div>\n\n                        <div class=\"wpgr-m_card__content\">\n                                <p class=\"wpgr-m_card__desc\">\n                    Ein Allesk\u00f6nner f\u00fcr die K\u00fcche fehlt uns noch in unserer Ausstattung.                 <\/p>\n                                <div class=\"wpgr-m_card__btn-wrapper\">\n                                        <div class=\"wpgr-m_card__progress-wrapper\">\n                        <div class=\"wpgr-m_card__progress\">\n                            <span style=\"width: 100%;\"><\/span>\n                        <\/div>\n                        <span>\n                            5<\/span> \/\n                        5                    <\/div>\n                    \n                                        <button class=\"wpgr-m_card__btn wpgr-m_btn wpgr-m_btn__open\" type=\"button\" name=\"button\">\n                        <span class=\"wpgr-m_card__btn-text\">\n                            Teil schenken<\/span>\n                                            <\/button>\n                <\/div>\n            <\/div>\n\n                                    <div class=\"wpgr-m_card__toggle\">\n                <i class=\"wpgr-m_card__toggle-icon\"><\/i>\n            <\/div>\n                    <\/div>\n        \n        <div class=\"wpgr-m_card wpgr-m_card--bought wpgr-m_card--parts wpgr-m_card--content\" data-wish-id=\"305c846541d7930\" data-parts=\"2\" data-parts-given=\"2\"\n            data-price-per-part=\"0\" data-parts-string=\"Teile\" data-part-string=\"Teil\"\n            data-currency=\"CHF\" data-currency-placement=\"after\" data-unlimited=\"\">\n\n                                    <div class=\"wpgr-m_card__price-wrapper\">\n                                                <i class=\"wpgr-m_card__price-icon\"><\/i>\n            <\/div>\n            \n                                        <div class=\"wpgr-m_card__figure-wrapper\">\n                    <div class=\"wpgr-m_card__figure\" style='background-image:url(https:\/\/www.marina-niko.ch\/wp-content\/uploads\/2019\/03\/ballonfahrt.jpg)'><\/div>\n                <\/div>\n                \n                        <div class=\"wpgr-m_card__heading-wrapper\">\n                                <h4 class=\"wpgr-m_card__heading\">\n                    Ballonfahrt                <\/h4>\n                            <\/div>\n\n                        <div class=\"wpgr-m_card__content\">\n                                <p class=\"wpgr-m_card__desc\">\n                    Gemeinsam hoch hinaus. Eine Heissluftballonfahrt w\u00fcrden wir gerne einmal machen.                 <\/p>\n                                <div class=\"wpgr-m_card__btn-wrapper\">\n                                        <div class=\"wpgr-m_card__progress-wrapper\">\n                        <div class=\"wpgr-m_card__progress\">\n                            <span style=\"width: 100%;\"><\/span>\n                        <\/div>\n                        <span>\n                            2<\/span> \/\n                        2                    <\/div>\n                    \n                                        <button class=\"wpgr-m_card__btn wpgr-m_btn wpgr-m_btn__open\" type=\"button\" name=\"button\">\n                        <span class=\"wpgr-m_card__btn-text\">\n                            Teil schenken<\/span>\n                                            <\/button>\n                <\/div>\n            <\/div>\n\n                                    <div class=\"wpgr-m_card__toggle\">\n                <i class=\"wpgr-m_card__toggle-icon\"><\/i>\n            <\/div>\n                    <\/div>\n        \n        <div class=\"wpgr-m_card wpgr-m_card--bought wpgr-m_card--parts wpgr-m_card--content\" data-wish-id=\"305c854cd9d860b\" data-parts=\"2\" data-parts-given=\"2\"\n            data-price-per-part=\"0\" data-parts-string=\"Teile\" data-part-string=\"Teil\"\n            data-currency=\"CHF\" data-currency-placement=\"after\" data-unlimited=\"\">\n\n                                    <div class=\"wpgr-m_card__price-wrapper\">\n                                                <i class=\"wpgr-m_card__price-icon\"><\/i>\n            <\/div>\n            \n                                        <div class=\"wpgr-m_card__figure-wrapper\">\n                    <div class=\"wpgr-m_card__figure\" style='background-image:url(https:\/\/www.marina-niko.ch\/wp-content\/uploads\/2019\/03\/Gleitschirmflug.jpg)'><\/div>\n                <\/div>\n                \n                        <div class=\"wpgr-m_card__heading-wrapper\">\n                                <h4 class=\"wpgr-m_card__heading\">\n                    Tandem-Gleitschirmflug                <\/h4>\n                            <\/div>\n\n                        <div class=\"wpgr-m_card__content\">\n                                <p class=\"wpgr-m_card__desc\">\n                    Gerne w\u00fcrden wir mal zusammen einen Tandem-Gleitschirmflug unternehmen um die Welt von oben sehen.                <\/p>\n                                <div class=\"wpgr-m_card__btn-wrapper\">\n                                        <div class=\"wpgr-m_card__progress-wrapper\">\n                        <div class=\"wpgr-m_card__progress\">\n                            <span style=\"width: 100%;\"><\/span>\n                        <\/div>\n                        <span>\n                            2<\/span> \/\n                        2                    <\/div>\n                    \n                                        <button class=\"wpgr-m_card__btn wpgr-m_btn wpgr-m_btn__open\" type=\"button\" name=\"button\">\n                        <span class=\"wpgr-m_card__btn-text\">\n                            Teil schenken<\/span>\n                                            <\/button>\n                <\/div>\n            <\/div>\n\n                                    <div class=\"wpgr-m_card__toggle\">\n                <i class=\"wpgr-m_card__toggle-icon\"><\/i>\n            <\/div>\n                    <\/div>\n        \n        <form id=\"wpgr_popup\" class=\"wpgr-o_popup wpgr-o_popup--single wpgr-o_popup__form\">\n\n            <div id=\"wpgr_popup_name\" class=\"wpgr-o_popup__step wpgr-o_popup__step--1\">\n                <header class=\"wpgr-o_popup__header\">\n                    <p class=\"wpgr-o_popup__question\">\n                        Geschenk reservieren?                    <\/p>\n                <\/header>\n\n                <div class=\"wpgr-o_popup__parts\">\n                    <p class=\"wpgr-o_popup__desc\">\n                        Wie viel m\u00f6chtest du schenken?                    <\/p>\n                    <div class=\"wpgr-o_popup__rangeslider-wrapper\">\n                        <div class=\"wpgr-o_popup__rangeslider-parts\" data-part=\"Teil\" data-parts=\"Teile\">\n                        <\/div>\n                        <input id=\"no_of_parts\" name=\"no_of_parts\" class=\"wpgr-o_popup__rangeslider\" type=\"range\" max=\"10\" data-orientation=\"horizontal\">\n                        <div class=\"wpgr-o_popup__rangeslider-result\">\n                            <span class=\"wpgr-o_popup__rangeslider-val\"><\/span> \/ <span class=\"wpgr-o_popup__rangeslider-total\"><\/span>\n                        <\/div>\n                    <\/div>\n                <\/div>\n\n                <p class=\"wpgr-o_popup__desc\">\n                    Hinterlasse dem Beschenkten deinen Namen:                <\/p>\n                <div class=\"wpgr-o_popup__input-wrapper\">\n                    <label class=\"wpgr-o_popup__input-label\" for=\"your_name2\">\n                        Dein Name<\/label>\n                    <input id=\"your_name2\" name=\"your_name2\" class=\"wpgr-o_popup__input-text\" type=\"text\">\n                <\/div>\n                                                <div class=\"wpgr-o_popup__input-wrapper\">\n                    <label class=\"wpgr-o_popup__input-label\" for=\"your_message\">\n                        Pers\u00f6nliche Nachricht<\/label>\n                    <textarea id=\"your_message\" name=\"your_message\" class=\"wpgr-o_popup__input-textarea\"><\/textarea>\n                <\/div>\n                                <div class=\"wpgr-o_popup__btn-wrapper\">\n                    <button class=\"wpgr-o_popup__btn-prev wpgr-m_btn\">\n                        Abbrechen<\/button>\n                    <input class=\"wpgr-o_popup__btn-save wpgr-m_btn wpgr-m_btn--next\" type=\"submit\" name=\"confirm\" value=\"Best\u00e4tigen\">\n                <\/div>\n\n                <button class=\"wpgr-o_popup__btn-close wpgr-m_btn-close\">\n                    <i class=\"wpgr-m_btn-close-icon\"><\/i>\n                <\/button>\n            <\/div>\n\n        <\/form>\n    <\/div>\n<\/section>\n<\/strong><\/p>\n","protected":false},"excerpt":{"rendered":"<p>Willkommen auf unserer Wunschliste Ihr wisst sicher, dass Eure Anwesenheit auf unserer Hochzeitsfeier das gr\u00f6sste Geschenk f\u00fcr uns ist. Einige von Euch wollen es sich dennoch nicht nehmen lassen, uns mit etwas Weiterem zu beschenken. Wir haben deshalb bereits unsere ganz pers\u00f6nlichen Hochzeitsw\u00fcnsche f\u00fcr Euch hinterlegt. Dies soll Euch lediglich ein paar Ideen liefern aber [&hellip;]<\/p>\n","protected":false},"author":1,"featured_media":0,"parent":0,"menu_order":0,"comment_status":"closed","ping_status":"closed","template":"","meta":{"footnotes":""},"class_list":["post-151","page","type-page","status-publish","hentry"],"_links":{"self":[{"href":"https:\/\/www.marina-niko.ch\/index.php?rest_route=\/wp\/v2\/pages\/151","targetHints":{"allow":["GET"]}}],"collection":[{"href":"https:\/\/www.marina-niko.ch\/index.php?rest_route=\/wp\/v2\/pages"}],"about":[{"href":"https:\/\/www.marina-niko.ch\/index.php?rest_route=\/wp\/v2\/types\/page"}],"author":[{"embeddable":true,"href":"https:\/\/www.marina-niko.ch\/index.php?rest_route=\/wp\/v2\/users\/1"}],"replies":[{"embeddable":true,"href":"https:\/\/www.marina-niko.ch\/index.php?rest_route=%2Fwp%2Fv2%2Fcomments&post=151"}],"version-history":[{"count":6,"href":"https:\/\/www.marina-niko.ch\/index.php?rest_route=\/wp\/v2\/pages\/151\/revisions"}],"predecessor-version":[{"id":227,"href":"https:\/\/www.marina-niko.ch\/index.php?rest_route=\/wp\/v2\/pages\/151\/revisions\/227"}],"wp:attachment":[{"href":"https:\/\/www.marina-niko.ch\/index.php?rest_route=%2Fwp%2Fv2%2Fmedia&parent=151"}],"curies":[{"name":"wp","href":"https:\/\/api.w.org\/{rel}","templated":true}]}}